{"id":659,"date":"2026-03-25T10:08:14","date_gmt":"2026-03-25T15:08:14","guid":{"rendered":"https:\/\/cyaiberoamericana.com\/?page_id=659"},"modified":"2026-04-07T14:16:14","modified_gmt":"2026-04-07T19:16:14","slug":"contruccion","status":"publish","type":"page","link":"https:\/\/cyaiberoamericana.com\/index.php\/contruccion\/","title":{"rendered":"Contrucci\u00f3n"},"content":{"rendered":"\t\t<div data-elementor-type=\"wp-page\" data-elementor-id=\"659\" class=\"elementor elementor-659\">\n\t\t\t\t<div class=\"elementor-element elementor-element-478d976 e-flex e-con-boxed e-con e-parent\" data-id=\"478d976\" data-element_type=\"container\">\n\t\t\t\t\t<div class=\"e-con-inner\">\n\t\t\t\t<div class=\"elementor-element elementor-element-2f1a6cb elementor-widget elementor-widget-spacer\" data-id=\"2f1a6cb\" data-element_type=\"widget\" data-widget_type=\"spacer.default\">\n\t\t\t\t<div class=\"elementor-widget-container\">\n\t\t\t\t\t\t\t<div class=\"elementor-spacer\">\n\t\t\t<div class=\"elementor-spacer-inner\"><\/div>\n\t\t<\/div>\n\t\t\t\t\t\t<\/div>\n\t\t\t\t<\/div>\n\t\t\t\t<div class=\"elementor-element elementor-element-9172b90 e-n-tabs-mobile elementor-widget elementor-widget-n-tabs\" data-id=\"9172b90\" data-element_type=\"widget\" data-settings=\"{&quot;horizontal_scroll&quot;:&quot;disable&quot;}\" data-widget_type=\"nested-tabs.default\">\n\t\t\t\t<div class=\"elementor-widget-container\">\n\t\t\t\t\t\t\t<div class=\"e-n-tabs\" data-widget-number=\"152513424\" aria-label=\"Tabs. Open items with Enter or Space, close with Escape and navigate using the Arrow keys.\">\n\t\t\t<div class=\"e-n-tabs-heading\" role=\"tablist\">\n\t\t\t\t\t<button id=\"e-n-tab-title-1525134241\" class=\"e-n-tab-title\" aria-selected=\"true\" data-tab-index=\"1\" role=\"tab\" tabindex=\"0\" aria-controls=\"e-n-tab-content-1525134241\" style=\"--n-tabs-title-order: 1;\">\n\t\t\t\t\t\t<span class=\"e-n-tab-title-text\">\n\t\t\t\t1\t\t\t<\/span>\n\t\t<\/button>\n\t\t\t\t<button id=\"e-n-tab-title-1525134242\" class=\"e-n-tab-title\" aria-selected=\"false\" data-tab-index=\"2\" role=\"tab\" tabindex=\"-1\" aria-controls=\"e-n-tab-content-1525134242\" style=\"--n-tabs-title-order: 2;\">\n\t\t\t\t\t\t<span class=\"e-n-tab-title-text\">\n\t\t\t\t2\t\t\t<\/span>\n\t\t<\/button>\n\t\t\t\t<button id=\"e-n-tab-title-1525134243\" class=\"e-n-tab-title\" aria-selected=\"false\" data-tab-index=\"3\" role=\"tab\" tabindex=\"-1\" aria-controls=\"e-n-tab-content-1525134243\" style=\"--n-tabs-title-order: 3;\">\n\t\t\t\t\t\t<span class=\"e-n-tab-title-text\">\n\t\t\t\t3\t\t\t<\/span>\n\t\t<\/button>\n\t\t\t\t<button id=\"e-n-tab-title-1525134244\" class=\"e-n-tab-title\" aria-selected=\"false\" data-tab-index=\"4\" role=\"tab\" tabindex=\"-1\" aria-controls=\"e-n-tab-content-1525134244\" style=\"--n-tabs-title-order: 4;\">\n\t\t\t\t\t\t<span class=\"e-n-tab-title-text\">\n\t\t\t\t4\t\t\t<\/span>\n\t\t<\/button>\n\t\t\t\t<button id=\"e-n-tab-title-1525134245\" class=\"e-n-tab-title\" aria-selected=\"false\" data-tab-index=\"5\" role=\"tab\" tabindex=\"-1\" aria-controls=\"e-n-tab-content-1525134245\" style=\"--n-tabs-title-order: 5;\">\n\t\t\t\t\t\t<span class=\"e-n-tab-title-text\">\n\t\t\t\t5\t\t\t<\/span>\n\t\t<\/button>\n\t\t\t\t\t<\/div>\n\t\t\t<div class=\"e-n-tabs-content\">\n\t\t\t\t<div id=\"e-n-tab-content-1525134241\" role=\"tabpanel\" aria-labelledby=\"e-n-tab-title-1525134241\" data-tab-index=\"1\" style=\"--n-tabs-title-order: 1;\" class=\"e-active elementor-element elementor-element-c006a8c e-con-full e-flex e-con e-child\" data-id=\"c006a8c\" data-element_type=\"container\">\n\t\t<div class=\"elementor-element elementor-element-1092c1c e-con-full e-flex e-con e-child\" data-id=\"1092c1c\" data-element_type=\"container\">\n\t\t\t\t<div class=\"elementor-element elementor-element-d7ca441 elementor-widget elementor-widget-image\" data-id=\"d7ca441\" data-element_type=\"widget\" data-widget_type=\"image.default\">\n\t\t\t\t<div class=\"elementor-widget-container\">\n\t\t\t\t\t\t\t\t\t\t\t\t\t\t\t<img fetchpriority=\"high\" decoding=\"async\" width=\"576\" height=\"1024\" src=\"https:\/\/cyaiberoamericana.com\/wp-content\/uploads\/2026\/03\/apicala-576x1024.jpeg\" class=\"attachment-large size-large wp-image-825\" alt=\"\" srcset=\"https:\/\/cyaiberoamericana.com\/wp-content\/uploads\/2026\/03\/apicala-576x1024.jpeg 576w, https:\/\/cyaiberoamericana.com\/wp-content\/uploads\/2026\/03\/apicala-169x300.jpeg 169w, https:\/\/cyaiberoamericana.com\/wp-content\/uploads\/2026\/03\/apicala.jpeg 720w\" sizes=\"(max-width: 576px) 100vw, 576px\" \/>\t\t\t\t\t\t\t\t\t\t\t\t\t\t\t<\/div>\n\t\t\t\t<\/div>\n\t\t\t\t<\/div>\n\t\t<div class=\"elementor-element elementor-element-48a2894 e-con-full e-flex e-con e-child\" data-id=\"48a2894\" data-element_type=\"container\">\n\t\t\t\t<div class=\"elementor-element elementor-element-87d46e9 elementor-widget elementor-widget-image\" data-id=\"87d46e9\" data-element_type=\"widget\" data-widget_type=\"image.default\">\n\t\t\t\t<div class=\"elementor-widget-container\">\n\t\t\t\t\t\t\t\t\t\t\t\t\t\t\t<img decoding=\"async\" width=\"576\" height=\"1024\" src=\"https:\/\/cyaiberoamericana.com\/wp-content\/uploads\/2026\/03\/apiacala-2-576x1024.jpeg\" class=\"attachment-large size-large wp-image-826\" alt=\"\" srcset=\"https:\/\/cyaiberoamericana.com\/wp-content\/uploads\/2026\/03\/apiacala-2-576x1024.jpeg 576w, https:\/\/cyaiberoamericana.com\/wp-content\/uploads\/2026\/03\/apiacala-2-169x300.jpeg 169w, https:\/\/cyaiberoamericana.com\/wp-content\/uploads\/2026\/03\/apiacala-2.jpeg 720w\" sizes=\"(max-width: 576px) 100vw, 576px\" \/>\t\t\t\t\t\t\t\t\t\t\t\t\t\t\t<\/div>\n\t\t\t\t<\/div>\n\t\t\t\t<\/div>\n\t\t<div class=\"elementor-element elementor-element-33a285e e-con-full e-flex e-con e-child\" data-id=\"33a285e\" data-element_type=\"container\">\n\t\t\t\t<div class=\"elementor-element elementor-element-71e0ec7 elementor-widget elementor-widget-image\" data-id=\"71e0ec7\" data-element_type=\"widget\" data-widget_type=\"image.default\">\n\t\t\t\t<div class=\"elementor-widget-container\">\n\t\t\t\t\t\t\t\t\t\t\t\t\t\t\t<img decoding=\"async\" width=\"576\" height=\"1024\" src=\"https:\/\/cyaiberoamericana.com\/wp-content\/uploads\/2026\/04\/WhatsApp-Image-2026-03-27-at-12.15.29-PM-576x1024.jpeg\" class=\"attachment-large size-large wp-image-857\" alt=\"\" srcset=\"https:\/\/cyaiberoamericana.com\/wp-content\/uploads\/2026\/04\/WhatsApp-Image-2026-03-27-at-12.15.29-PM-576x1024.jpeg 576w, https:\/\/cyaiberoamericana.com\/wp-content\/uploads\/2026\/04\/WhatsApp-Image-2026-03-27-at-12.15.29-PM-169x300.jpeg 169w, https:\/\/cyaiberoamericana.com\/wp-content\/uploads\/2026\/04\/WhatsApp-Image-2026-03-27-at-12.15.29-PM.jpeg 720w\" sizes=\"(max-width: 576px) 100vw, 576px\" \/>\t\t\t\t\t\t\t\t\t\t\t\t\t\t\t<\/div>\n\t\t\t\t<\/div>\n\t\t\t\t<\/div>\n\t\t<div class=\"elementor-element elementor-element-e333f25 e-con-full e-flex e-con e-child\" data-id=\"e333f25\" data-element_type=\"container\">\n\t\t\t\t<div class=\"elementor-element elementor-element-f58ffe6 elementor-widget elementor-widget-text-editor\" data-id=\"f58ffe6\" data-element_type=\"widget\" data-widget_type=\"text-editor.default\">\n\t\t\t\t<div class=\"elementor-widget-container\">\n\t\t\t\t\t\t\t\t\t<p><strong>LUGAR: <\/strong>Carmen de Apical\u00e1<\/p>\t\t\t\t\t\t\t\t<\/div>\n\t\t\t\t<\/div>\n\t\t\t\t<\/div>\n\t\t<div class=\"elementor-element elementor-element-5994713 e-con-full e-flex e-con e-child\" data-id=\"5994713\" data-element_type=\"container\">\n\t\t\t\t<div class=\"elementor-element elementor-element-43b1dc2 elementor-widget elementor-widget-text-editor\" data-id=\"43b1dc2\" data-element_type=\"widget\" data-widget_type=\"text-editor.default\">\n\t\t\t\t<div class=\"elementor-widget-container\">\n\t\t\t\t\t\t\t\t\t<p><strong>Descripci\u00f3n: <\/strong>Casa 119<\/p>\t\t\t\t\t\t\t\t<\/div>\n\t\t\t\t<\/div>\n\t\t\t\t<\/div>\n\t\t\t\t<\/div>\n\t\t<div id=\"e-n-tab-content-1525134242\" role=\"tabpanel\" aria-labelledby=\"e-n-tab-title-1525134242\" data-tab-index=\"2\" style=\"--n-tabs-title-order: 2;\" class=\" elementor-element elementor-element-2fdef7b e-con-full e-flex e-con e-child\" data-id=\"2fdef7b\" data-element_type=\"container\">\n\t\t<div class=\"elementor-element elementor-element-7ce30c8 e-con-full e-flex e-con e-child\" data-id=\"7ce30c8\" data-element_type=\"container\">\n\t\t\t\t<div class=\"elementor-element elementor-element-d135967 elementor-widget elementor-widget-image\" data-id=\"d135967\" data-element_type=\"widget\" data-widget_type=\"image.default\">\n\t\t\t\t<div class=\"elementor-widget-container\">\n\t\t\t\t\t\t\t\t\t\t\t\t\t\t\t<img loading=\"lazy\" decoding=\"async\" width=\"768\" height=\"1024\" src=\"https:\/\/cyaiberoamericana.com\/wp-content\/uploads\/2026\/04\/photo_5030825142795307940_y-768x1024.jpg\" class=\"attachment-large size-large wp-image-870\" alt=\"\" srcset=\"https:\/\/cyaiberoamericana.com\/wp-content\/uploads\/2026\/04\/photo_5030825142795307940_y-768x1024.jpg 768w, https:\/\/cyaiberoamericana.com\/wp-content\/uploads\/2026\/04\/photo_5030825142795307940_y-225x300.jpg 225w, https:\/\/cyaiberoamericana.com\/wp-content\/uploads\/2026\/04\/photo_5030825142795307940_y.jpg 960w\" sizes=\"(max-width: 768px) 100vw, 768px\" \/>\t\t\t\t\t\t\t\t\t\t\t\t\t\t\t<\/div>\n\t\t\t\t<\/div>\n\t\t\t\t<\/div>\n\t\t<div class=\"elementor-element elementor-element-0d9f282 e-con-full e-flex e-con e-child\" data-id=\"0d9f282\" data-element_type=\"container\">\n\t\t\t\t<div class=\"elementor-element elementor-element-524c0d1 elementor-widget elementor-widget-image\" data-id=\"524c0d1\" data-element_type=\"widget\" data-widget_type=\"image.default\">\n\t\t\t\t<div class=\"elementor-widget-container\">\n\t\t\t\t\t\t\t\t\t\t\t\t\t\t\t<img loading=\"lazy\" decoding=\"async\" width=\"768\" height=\"1024\" src=\"https:\/\/cyaiberoamericana.com\/wp-content\/uploads\/2026\/04\/photo_5030825142795307943_y-768x1024.jpg\" class=\"attachment-large size-large wp-image-871\" alt=\"\" srcset=\"https:\/\/cyaiberoamericana.com\/wp-content\/uploads\/2026\/04\/photo_5030825142795307943_y-768x1024.jpg 768w, https:\/\/cyaiberoamericana.com\/wp-content\/uploads\/2026\/04\/photo_5030825142795307943_y-225x300.jpg 225w, https:\/\/cyaiberoamericana.com\/wp-content\/uploads\/2026\/04\/photo_5030825142795307943_y.jpg 960w\" sizes=\"(max-width: 768px) 100vw, 768px\" \/>\t\t\t\t\t\t\t\t\t\t\t\t\t\t\t<\/div>\n\t\t\t\t<\/div>\n\t\t\t\t<\/div>\n\t\t<div class=\"elementor-element elementor-element-8670bbc e-con-full e-flex e-con e-child\" data-id=\"8670bbc\" data-element_type=\"container\">\n\t\t\t\t<div class=\"elementor-element elementor-element-ffc3d4e elementor-widget elementor-widget-text-editor\" data-id=\"ffc3d4e\" data-element_type=\"widget\" data-widget_type=\"text-editor.default\">\n\t\t\t\t<div class=\"elementor-widget-container\">\n\t\t\t\t\t\t\t\t\t<p>Lugar: Yacop\u00ed, Cundinamarca, Colombia<\/p>\t\t\t\t\t\t\t\t<\/div>\n\t\t\t\t<\/div>\n\t\t\t\t<\/div>\n\t\t<div class=\"elementor-element elementor-element-1b944a9 e-con-full e-flex e-con e-child\" data-id=\"1b944a9\" data-element_type=\"container\">\n\t\t\t\t<div class=\"elementor-element elementor-element-659a32e elementor-widget elementor-widget-image\" data-id=\"659a32e\" data-element_type=\"widget\" data-widget_type=\"image.default\">\n\t\t\t\t<div class=\"elementor-widget-container\">\n\t\t\t\t\t\t\t\t\t\t\t\t\t\t\t<img loading=\"lazy\" decoding=\"async\" width=\"683\" height=\"1024\" src=\"https:\/\/cyaiberoamericana.com\/wp-content\/uploads\/2026\/04\/ChatGPT-Image-7-abr-2026-12_03_12-683x1024.png\" class=\"attachment-large size-large wp-image-873\" alt=\"\" srcset=\"https:\/\/cyaiberoamericana.com\/wp-content\/uploads\/2026\/04\/ChatGPT-Image-7-abr-2026-12_03_12-683x1024.png 683w, https:\/\/cyaiberoamericana.com\/wp-content\/uploads\/2026\/04\/ChatGPT-Image-7-abr-2026-12_03_12-200x300.png 200w, https:\/\/cyaiberoamericana.com\/wp-content\/uploads\/2026\/04\/ChatGPT-Image-7-abr-2026-12_03_12-768x1152.png 768w, https:\/\/cyaiberoamericana.com\/wp-content\/uploads\/2026\/04\/ChatGPT-Image-7-abr-2026-12_03_12.png 1024w\" sizes=\"(max-width: 683px) 100vw, 683px\" \/>\t\t\t\t\t\t\t\t\t\t\t\t\t\t\t<\/div>\n\t\t\t\t<\/div>\n\t\t\t\t<\/div>\n\t\t\t\t<\/div>\n\t\t<div id=\"e-n-tab-content-1525134243\" role=\"tabpanel\" aria-labelledby=\"e-n-tab-title-1525134243\" data-tab-index=\"3\" style=\"--n-tabs-title-order: 3;\" class=\" elementor-element elementor-element-66ad408 e-con-full e-flex e-con e-child\" data-id=\"66ad408\" data-element_type=\"container\">\n\t\t<div class=\"elementor-element elementor-element-5dbd0c7 e-con-full e-flex e-con e-child\" data-id=\"5dbd0c7\" data-element_type=\"container\">\n\t\t\t\t<div class=\"elementor-element elementor-element-7a681a4 elementor-widget elementor-widget-image\" data-id=\"7a681a4\" data-element_type=\"widget\" data-widget_type=\"image.default\">\n\t\t\t\t<div class=\"elementor-widget-container\">\n\t\t\t\t\t\t\t\t\t\t\t\t\t\t\t<img loading=\"lazy\" decoding=\"async\" width=\"960\" height=\"996\" src=\"https:\/\/cyaiberoamericana.com\/wp-content\/uploads\/2026\/04\/WhatsApp-Image-2026-04-07-at-12.10.30-PM.jpeg\" class=\"attachment-large size-large wp-image-876\" alt=\"\" srcset=\"https:\/\/cyaiberoamericana.com\/wp-content\/uploads\/2026\/04\/WhatsApp-Image-2026-04-07-at-12.10.30-PM.jpeg 960w, https:\/\/cyaiberoamericana.com\/wp-content\/uploads\/2026\/04\/WhatsApp-Image-2026-04-07-at-12.10.30-PM-289x300.jpeg 289w, https:\/\/cyaiberoamericana.com\/wp-content\/uploads\/2026\/04\/WhatsApp-Image-2026-04-07-at-12.10.30-PM-768x797.jpeg 768w\" sizes=\"(max-width: 960px) 100vw, 960px\" \/>\t\t\t\t\t\t\t\t\t\t\t\t\t\t\t<\/div>\n\t\t\t\t<\/div>\n\t\t\t\t<\/div>\n\t\t<div class=\"elementor-element elementor-element-71a5bfd e-con-full e-flex e-con e-child\" data-id=\"71a5bfd\" data-element_type=\"container\">\n\t\t\t\t<div class=\"elementor-element elementor-element-a661d11 elementor-widget elementor-widget-image\" data-id=\"a661d11\" data-element_type=\"widget\" data-widget_type=\"image.default\">\n\t\t\t\t<div class=\"elementor-widget-container\">\n\t\t\t\t\t\t\t\t\t\t\t\t\t\t\t<img loading=\"lazy\" decoding=\"async\" width=\"850\" height=\"974\" src=\"https:\/\/cyaiberoamericana.com\/wp-content\/uploads\/2026\/04\/WhatsApp-Image-2026-04-07-at-12.10.30-PM-1.jpeg\" class=\"attachment-large size-large wp-image-877\" alt=\"\" srcset=\"https:\/\/cyaiberoamericana.com\/wp-content\/uploads\/2026\/04\/WhatsApp-Image-2026-04-07-at-12.10.30-PM-1.jpeg 850w, https:\/\/cyaiberoamericana.com\/wp-content\/uploads\/2026\/04\/WhatsApp-Image-2026-04-07-at-12.10.30-PM-1-262x300.jpeg 262w, https:\/\/cyaiberoamericana.com\/wp-content\/uploads\/2026\/04\/WhatsApp-Image-2026-04-07-at-12.10.30-PM-1-768x880.jpeg 768w\" sizes=\"(max-width: 850px) 100vw, 850px\" \/>\t\t\t\t\t\t\t\t\t\t\t\t\t\t\t<\/div>\n\t\t\t\t<\/div>\n\t\t\t\t<\/div>\n\t\t<div class=\"elementor-element elementor-element-a4a3387 e-con-full e-flex e-con e-child\" data-id=\"a4a3387\" data-element_type=\"container\">\n\t\t\t\t<div class=\"elementor-element elementor-element-5059f19 elementor-widget elementor-widget-text-editor\" data-id=\"5059f19\" data-element_type=\"widget\" data-widget_type=\"text-editor.default\">\n\t\t\t\t<div class=\"elementor-widget-container\">\n\t\t\t\t\t\t\t\t\t<p>Lugar: Fisgueta, Cundinamarca, Colombia<\/p>\t\t\t\t\t\t\t\t<\/div>\n\t\t\t\t<\/div>\n\t\t\t\t<\/div>\n\t\t\t\t<\/div>\n\t\t<div id=\"e-n-tab-content-1525134244\" role=\"tabpanel\" aria-labelledby=\"e-n-tab-title-1525134244\" data-tab-index=\"4\" style=\"--n-tabs-title-order: 4;\" class=\" elementor-element elementor-element-aeab05e e-flex e-con-boxed e-con e-child\" data-id=\"aeab05e\" data-element_type=\"container\">\n\t\t\t\t\t<div class=\"e-con-inner\">\n\t\t<div class=\"elementor-element elementor-element-d04b77c e-con-full e-flex e-con e-child\" data-id=\"d04b77c\" data-element_type=\"container\">\n\t\t\t\t<div class=\"elementor-element elementor-element-5c1669d elementor-widget elementor-widget-text-editor\" data-id=\"5c1669d\" data-element_type=\"widget\" data-widget_type=\"text-editor.default\">\n\t\t\t\t<div class=\"elementor-widget-container\">\n\t\t\t\t\t\t\t\t\t<p><strong>Lugar: <\/strong>Cienaga De Oro, Tolima,\u00a0<\/p>\t\t\t\t\t\t\t\t<\/div>\n\t\t\t\t<\/div>\n\t\t\t\t<\/div>\n\t\t<div class=\"elementor-element elementor-element-bb94510 e-con-full e-flex e-con e-child\" data-id=\"bb94510\" data-element_type=\"container\">\n\t\t\t\t<div class=\"elementor-element elementor-element-ac6248e elementor-widget elementor-widget-image\" data-id=\"ac6248e\" data-element_type=\"widget\" data-widget_type=\"image.default\">\n\t\t\t\t<div class=\"elementor-widget-container\">\n\t\t\t\t\t\t\t\t\t\t\t\t\t\t\t<img loading=\"lazy\" decoding=\"async\" width=\"1024\" height=\"576\" src=\"https:\/\/cyaiberoamericana.com\/wp-content\/uploads\/2026\/04\/WhatsApp-Image-2026-04-07-at-10.38.13-AM-1024x576.jpeg\" class=\"attachment-large size-large wp-image-881\" alt=\"\" srcset=\"https:\/\/cyaiberoamericana.com\/wp-content\/uploads\/2026\/04\/WhatsApp-Image-2026-04-07-at-10.38.13-AM-1024x576.jpeg 1024w, https:\/\/cyaiberoamericana.com\/wp-content\/uploads\/2026\/04\/WhatsApp-Image-2026-04-07-at-10.38.13-AM-300x169.jpeg 300w, https:\/\/cyaiberoamericana.com\/wp-content\/uploads\/2026\/04\/WhatsApp-Image-2026-04-07-at-10.38.13-AM-768x432.jpeg 768w, https:\/\/cyaiberoamericana.com\/wp-content\/uploads\/2026\/04\/WhatsApp-Image-2026-04-07-at-10.38.13-AM-1536x864.jpeg 1536w, https:\/\/cyaiberoamericana.com\/wp-content\/uploads\/2026\/04\/WhatsApp-Image-2026-04-07-at-10.38.13-AM.jpeg 1600w\" sizes=\"(max-width: 1024px) 100vw, 1024px\" \/>\t\t\t\t\t\t\t\t\t\t\t\t\t\t\t<\/div>\n\t\t\t\t<\/div>\n\t\t\t\t<\/div>\n\t\t<div class=\"elementor-element elementor-element-5c0840e e-con-full e-flex e-con e-child\" data-id=\"5c0840e\" data-element_type=\"container\">\n\t\t\t\t<\/div>\n\t\t\t\t\t<\/div>\n\t\t\t\t<\/div>\n\t\t<div id=\"e-n-tab-content-1525134245\" role=\"tabpanel\" aria-labelledby=\"e-n-tab-title-1525134245\" data-tab-index=\"5\" style=\"--n-tabs-title-order: 5;\" class=\" elementor-element elementor-element-a18264f e-flex e-con-boxed e-con e-child\" data-id=\"a18264f\" data-element_type=\"container\">\n\t\t\t\t\t<div class=\"e-con-inner\">\n\t\t<div class=\"elementor-element elementor-element-0a907d4 e-con-full e-flex e-con e-child\" data-id=\"0a907d4\" data-element_type=\"container\">\n\t\t\t\t<div class=\"elementor-element elementor-element-a0541da elementor-widget elementor-widget-text-editor\" data-id=\"a0541da\" data-element_type=\"widget\" data-widget_type=\"text-editor.default\">\n\t\t\t\t<div class=\"elementor-widget-container\">\n\t\t\t\t\t\t\t\t\t<p><strong>Lugar: <\/strong>Villeta, Cundinamarca, Colombia<\/p>\t\t\t\t\t\t\t\t<\/div>\n\t\t\t\t<\/div>\n\t\t\t\t<\/div>\n\t\t<div class=\"elementor-element elementor-element-ce23cc8 e-con-full e-flex e-con e-child\" data-id=\"ce23cc8\" data-element_type=\"container\">\n\t\t\t\t<div class=\"elementor-element elementor-element-113ca5a elementor-widget elementor-widget-image\" data-id=\"113ca5a\" data-element_type=\"widget\" data-widget_type=\"image.default\">\n\t\t\t\t<div class=\"elementor-widget-container\">\n\t\t\t\t\t\t\t\t\t\t\t\t\t\t\t<img loading=\"lazy\" decoding=\"async\" width=\"1024\" height=\"683\" src=\"https:\/\/cyaiberoamericana.com\/wp-content\/uploads\/2026\/04\/ChatGPT-Image-7-abr-2026-13_15_14-1024x683.png\" class=\"attachment-large size-large wp-image-884\" alt=\"\" srcset=\"https:\/\/cyaiberoamericana.com\/wp-content\/uploads\/2026\/04\/ChatGPT-Image-7-abr-2026-13_15_14-1024x683.png 1024w, https:\/\/cyaiberoamericana.com\/wp-content\/uploads\/2026\/04\/ChatGPT-Image-7-abr-2026-13_15_14-300x200.png 300w, https:\/\/cyaiberoamericana.com\/wp-content\/uploads\/2026\/04\/ChatGPT-Image-7-abr-2026-13_15_14-768x512.png 768w, https:\/\/cyaiberoamericana.com\/wp-content\/uploads\/2026\/04\/ChatGPT-Image-7-abr-2026-13_15_14.png 1536w\" sizes=\"(max-width: 1024px) 100vw, 1024px\" \/>\t\t\t\t\t\t\t\t\t\t\t\t\t\t\t<\/div>\n\t\t\t\t<\/div>\n\t\t\t\t<\/div>\n\t\t\t\t<div class=\"elementor-element elementor-element-f664a0d elementor-widget__width-initial elementor-widget elementor-widget-image\" data-id=\"f664a0d\" data-element_type=\"widget\" data-widget_type=\"image.default\">\n\t\t\t\t<div class=\"elementor-widget-container\">\n\t\t\t\t\t\t\t\t\t\t\t\t\t\t\t<img decoding=\"async\" src=\"https:\/\/cyaiberoamericana.com\/wp-content\/plugins\/elementor\/assets\/images\/placeholder.png\" title=\"\" alt=\"\" loading=\"lazy\" \/>\t\t\t\t\t\t\t\t\t\t\t\t\t\t\t<\/div>\n\t\t\t\t<\/div>\n\t\t<div class=\"elementor-element elementor-element-926fcf9 e-con-full e-flex e-con e-child\" data-id=\"926fcf9\" data-element_type=\"container\">\n\t\t\t\t<\/div>\n\t\t\t\t\t<\/div>\n\t\t\t\t<\/div>\n\t\t\t\t\t<\/div>\n\t\t<\/div>\n\t\t\t\t\t\t<\/div>\n\t\t\t\t<\/div>\n\t\t\t\t\t<\/div>\n\t\t\t\t<\/div>\n\t\t\t\t<\/div>\n\t\t","protected":false},"excerpt":{"rendered":"<p>1 2 3 4 5 LUGAR: Carmen de Apical\u00e1 Descripci\u00f3n: Casa 119 Lugar: Yacop\u00ed, Cundinamarca, Colombia Lugar: Fisgueta, Cundinamarca, Colombia Lugar: Cienaga De Oro, Tolima,\u00a0 Lugar: Villeta, Cundinamarca, Colombia LUGAR: Carmen de Apical\u00e1 Descripci\u00f3n: Casa 119 Lugar: Yacop\u00ed, Cundinamarca, Colombia Lugar: Fisgueta, Cundinamarca, Colombia Lugar: Cienaga De Oro, Tolima,\u00a0 Lugar: Villeta, Cundinamarca, Colombia<\/p>\n","protected":false},"author":2,"featured_media":0,"parent":0,"menu_order":0,"comment_status":"closed","ping_status":"closed","template":"","meta":{"om_disable_all_campaigns":false,"footnotes":""},"aioseo_notices":[],"_links":{"self":[{"href":"https:\/\/cyaiberoamericana.com\/index.php\/wp-json\/wp\/v2\/pages\/659"}],"collection":[{"href":"https:\/\/cyaiberoamericana.com\/index.php\/wp-json\/wp\/v2\/pages"}],"about":[{"href":"https:\/\/cyaiberoamericana.com\/index.php\/wp-json\/wp\/v2\/types\/page"}],"author":[{"embeddable":true,"href":"https:\/\/cyaiberoamericana.com\/index.php\/wp-json\/wp\/v2\/users\/2"}],"replies":[{"embeddable":true,"href":"https:\/\/cyaiberoamericana.com\/index.php\/wp-json\/wp\/v2\/comments?post=659"}],"version-history":[{"count":22,"href":"https:\/\/cyaiberoamericana.com\/index.php\/wp-json\/wp\/v2\/pages\/659\/revisions"}],"predecessor-version":[{"id":887,"href":"https:\/\/cyaiberoamericana.com\/index.php\/wp-json\/wp\/v2\/pages\/659\/revisions\/887"}],"wp:attachment":[{"href":"https:\/\/cyaiberoamericana.com\/index.php\/wp-json\/wp\/v2\/media?parent=659"}],"curies":[{"name":"wp","href":"https:\/\/api.w.org\/{rel}","templated":true}]}}