{"id":382,"date":"2026-01-23T12:56:54","date_gmt":"2026-01-23T17:56:54","guid":{"rendered":"https:\/\/cyaiberoamericana.com\/?page_id=382"},"modified":"2026-03-25T22:08:54","modified_gmt":"2026-03-26T03:08:54","slug":"blog-2","status":"publish","type":"page","link":"https:\/\/cyaiberoamericana.com\/index.php\/blog-2\/","title":{"rendered":"Blog"},"content":{"rendered":"\t\t<div data-elementor-type=\"wp-page\" data-elementor-id=\"382\" class=\"elementor elementor-382\">\n\t\t\t\t<div class=\"elementor-element elementor-element-e33428f e-flex e-con-boxed e-con e-parent\" data-id=\"e33428f\" data-element_type=\"container\">\n\t\t\t\t\t<div class=\"e-con-inner\">\n\t\t\t\t<div class=\"elementor-element elementor-element-ad9113f elementor-widget elementor-widget-heading\" data-id=\"ad9113f\" data-element_type=\"widget\" data-widget_type=\"heading.default\">\n\t\t\t\t<div class=\"elementor-widget-container\">\n\t\t\t\t\t<h2 class=\"elementor-heading-title elementor-size-default\">Interventor\u00eda<\/h2>\t\t\t\t<\/div>\n\t\t\t\t<\/div>\n\t\t\t\t<div class=\"elementor-element elementor-element-954e364 elementor-widget elementor-widget-text-editor\" data-id=\"954e364\" data-element_type=\"widget\" data-widget_type=\"text-editor.default\">\n\t\t\t\t<div class=\"elementor-widget-container\">\n\t\t\t\t\t\t\t\t\t<hr \/><p>Supervisamos e impulsamos proyectos de vivienda VIS en zonas rurales, haciendo de cada proyecto una vivienda segura y bien ejecutada. Al igual tambien supervisamos procesos constructivos realizando un seguimiento estrat\u00e9gico para\u00a0 garantizar calidad, confianza, cumplimiento normativo y entrega de soluciones de vivienda.<\/p>\t\t\t\t\t\t\t\t<\/div>\n\t\t\t\t<\/div>\n\t\t\t\t\t<\/div>\n\t\t\t\t<\/div>\n\t\t<div class=\"elementor-element elementor-element-36b9385 e-grid e-con-boxed e-con e-parent\" data-id=\"36b9385\" data-element_type=\"container\">\n\t\t\t\t\t<div class=\"e-con-inner\">\n\t\t\t\t<div class=\"elementor-element elementor-element-25169ac elementor-position-top elementor-invisible elementor-widget elementor-widget-image-box\" data-id=\"25169ac\" data-element_type=\"widget\" data-settings=\"{&quot;_animation&quot;:&quot;fadeInUp&quot;}\" data-widget_type=\"image-box.default\">\n\t\t\t\t<div class=\"elementor-widget-container\">\n\t\t\t\t\t<div class=\"elementor-image-box-wrapper\"><figure class=\"elementor-image-box-img\"><img fetchpriority=\"high\" decoding=\"async\" width=\"1019\" height=\"842\" src=\"https:\/\/cyaiberoamericana.com\/wp-content\/uploads\/2026\/03\/WhatsApp-Image-2026-03-17-at-12.46.11-PM-e1773778080303.jpeg\" class=\"attachment-full size-full wp-image-477\" alt=\"\" srcset=\"https:\/\/cyaiberoamericana.com\/wp-content\/uploads\/2026\/03\/WhatsApp-Image-2026-03-17-at-12.46.11-PM-e1773778080303.jpeg 1019w, https:\/\/cyaiberoamericana.com\/wp-content\/uploads\/2026\/03\/WhatsApp-Image-2026-03-17-at-12.46.11-PM-e1773778080303-300x248.jpeg 300w, https:\/\/cyaiberoamericana.com\/wp-content\/uploads\/2026\/03\/WhatsApp-Image-2026-03-17-at-12.46.11-PM-e1773778080303-768x635.jpeg 768w\" sizes=\"(max-width: 1019px) 100vw, 1019px\" \/><\/figure><div class=\"elementor-image-box-content\"><h3 class=\"elementor-image-box-title\">SITIO PROPIO<\/h3><p class=\"elementor-image-box-description\">Yacop\u00ed, Cundinamarca, Colombia. <br>17-Marzo-2026<\/p><\/div><\/div>\t\t\t\t<\/div>\n\t\t\t\t<\/div>\n\t\t\t\t\t<\/div>\n\t\t\t\t<\/div>\n\t\t<div class=\"elementor-element elementor-element-c6049a4 e-flex e-con-boxed e-con e-parent\" data-id=\"c6049a4\" data-element_type=\"container\">\n\t\t\t\t\t<div class=\"e-con-inner\">\n\t\t\t\t<div class=\"elementor-element elementor-element-7b22377 elementor-widget elementor-widget-spacer\" data-id=\"7b22377\" data-element_type=\"widget\" data-widget_type=\"spacer.default\">\n\t\t\t\t<div class=\"elementor-widget-container\">\n\t\t\t\t\t\t\t<div class=\"elementor-spacer\">\n\t\t\t<div class=\"elementor-spacer-inner\"><\/div>\n\t\t<\/div>\n\t\t\t\t\t\t<\/div>\n\t\t\t\t<\/div>\n\t\t\t\t\t<\/div>\n\t\t\t\t<\/div>\n\t\t<div class=\"elementor-element elementor-element-6d86485 e-flex e-con-boxed e-con e-parent\" data-id=\"6d86485\" data-element_type=\"container\">\n\t\t\t\t\t<div class=\"e-con-inner\">\n\t\t\t\t<div class=\"elementor-element elementor-element-173730b elementor-widget elementor-widget-heading\" data-id=\"173730b\" data-element_type=\"widget\" data-widget_type=\"heading.default\">\n\t\t\t\t<div class=\"elementor-widget-container\">\n\t\t\t\t\t<h2 class=\"elementor-heading-title elementor-size-default\">A\u00f1ade aqu\u00ed tu texto de cabecera<\/h2>\t\t\t\t<\/div>\n\t\t\t\t<\/div>\n\t\t\t\t\t<\/div>\n\t\t\t\t<\/div>\n\t\t<div class=\"elementor-element elementor-element-27f80b6 e-grid e-con-boxed e-con e-parent\" data-id=\"27f80b6\" data-element_type=\"container\">\n\t\t\t\t\t<div class=\"e-con-inner\">\n\t\t\t\t<div class=\"elementor-element elementor-element-4510ea1 elementor-position-top elementor-widget elementor-widget-image-box\" data-id=\"4510ea1\" data-element_type=\"widget\" data-widget_type=\"image-box.default\">\n\t\t\t\t<div class=\"elementor-widget-container\">\n\t\t\t\t\t<div class=\"elementor-image-box-wrapper\"><figure class=\"elementor-image-box-img\"><img decoding=\"async\" width=\"990\" height=\"950\" src=\"https:\/\/cyaiberoamericana.com\/wp-content\/uploads\/2026\/03\/WhatsApp-Image-2026-03-17-at-12.10.29-PM-e1773778573378.jpeg\" class=\"attachment-full size-full wp-image-478\" alt=\"\" srcset=\"https:\/\/cyaiberoamericana.com\/wp-content\/uploads\/2026\/03\/WhatsApp-Image-2026-03-17-at-12.10.29-PM-e1773778573378.jpeg 990w, https:\/\/cyaiberoamericana.com\/wp-content\/uploads\/2026\/03\/WhatsApp-Image-2026-03-17-at-12.10.29-PM-e1773778573378-300x288.jpeg 300w, https:\/\/cyaiberoamericana.com\/wp-content\/uploads\/2026\/03\/WhatsApp-Image-2026-03-17-at-12.10.29-PM-e1773778573378-768x737.jpeg 768w\" sizes=\"(max-width: 990px) 100vw, 990px\" \/><\/figure><div class=\"elementor-image-box-content\"><h3 class=\"elementor-image-box-title\">SITIO PROPIO<\/h3><p class=\"elementor-image-box-description\">Gachancip\u00e1, Cundinamarca, Colombia\n17-Marzo-2026<\/p><\/div><\/div>\t\t\t\t<\/div>\n\t\t\t\t<\/div>\n\t\t\t\t\t<\/div>\n\t\t\t\t<\/div>\n\t\t<div class=\"elementor-element elementor-element-c0bddc5 e-flex e-con-boxed e-con e-parent\" data-id=\"c0bddc5\" data-element_type=\"container\">\n\t\t\t\t\t<div class=\"e-con-inner\">\n\t\t\t\t<div class=\"elementor-element elementor-element-ba5965a elementor-widget elementor-widget-spacer\" data-id=\"ba5965a\" data-element_type=\"widget\" data-widget_type=\"spacer.default\">\n\t\t\t\t<div class=\"elementor-widget-container\">\n\t\t\t\t\t\t\t<div class=\"elementor-spacer\">\n\t\t\t<div class=\"elementor-spacer-inner\"><\/div>\n\t\t<\/div>\n\t\t\t\t\t\t<\/div>\n\t\t\t\t<\/div>\n\t\t\t\t<div class=\"elementor-element elementor-element-db7716b elementor-widget elementor-widget-spacer\" data-id=\"db7716b\" data-element_type=\"widget\" data-widget_type=\"spacer.default\">\n\t\t\t\t<div class=\"elementor-widget-container\">\n\t\t\t\t\t\t\t<div class=\"elementor-spacer\">\n\t\t\t<div class=\"elementor-spacer-inner\"><\/div>\n\t\t<\/div>\n\t\t\t\t\t\t<\/div>\n\t\t\t\t<\/div>\n\t\t\t\t\t<\/div>\n\t\t\t\t<\/div>\n\t\t<div class=\"elementor-element elementor-element-ef78547 e-flex e-con-boxed e-con e-parent\" data-id=\"ef78547\" data-element_type=\"container\">\n\t\t\t\t\t<div class=\"e-con-inner\">\n\t\t\t\t<div class=\"elementor-element elementor-element-6f450e5 elementor-widget elementor-widget-heading\" data-id=\"6f450e5\" data-element_type=\"widget\" data-widget_type=\"heading.default\">\n\t\t\t\t<div class=\"elementor-widget-container\">\n\t\t\t\t\t<h2 class=\"elementor-heading-title elementor-size-default\">Mejoramientos habitacionales<\/h2>\t\t\t\t<\/div>\n\t\t\t\t<\/div>\n\t\t\t\t<div class=\"elementor-element elementor-element-c84a7e7 elementor-widget elementor-widget-text-editor\" data-id=\"c84a7e7\" data-element_type=\"widget\" data-widget_type=\"text-editor.default\">\n\t\t\t\t<div class=\"elementor-widget-container\">\n\t\t\t\t\t\t\t\t\t<p>MEJORAMIENTO LOCATIVO: Corresponden a intervenciones que se realizan en una vivienda existente con el fin de mejorar sus condiciones de habitabilidad, salubridad, seguridad y funcionalidad, sin modificar su estructura principal ni ampliar el \u00e1rea construida, estas actividades incluyen, entre otras: Reparaci\u00f3n o cambio de acabados (pisos, muros, techos); Intervenci\u00f3n de instalaciones hidrosanitarias y el\u00e9ctricas; Adecuaci\u00f3n de ba\u00f1os y cocinas; Correcci\u00f3n de humedades y filtraciones; Mantenimiento general de la vivienda.<\/p><p>MODULO DE MEJORAMIENTO: <br \/>&#8211; M\u00f3dulo de mejoramiento de cocina: Construcci\u00f3n del \u00e1rea de cocina, incluyendo la instalaci\u00f3n o mejoramiento de mes\u00f3n, lavaplatos, grifer\u00eda, enchapes en muros, pisos, y conexiones hidrosanitarias. Su objetivo es asegurar un espacio higi\u00e9nico, funcional y seguro para la preparaci\u00f3n de alimentos.<br \/>&#8211; M\u00f3dulo de mejoramiento de ba\u00f1o: Construcci\u00f3n de una unidad sanitaria b\u00e1sica, que incluye sanitario, lavamanos, ducha, enchapes en muros y pisos, y redes hidrosanitarias. Busca garantizar condiciones adecuadas de higiene, manejo de aguas y saneamiento b\u00e1sico.<\/p>\t\t\t\t\t\t\t\t<\/div>\n\t\t\t\t<\/div>\n\t\t\t\t\t<\/div>\n\t\t\t\t<\/div>\n\t\t<div class=\"elementor-element elementor-element-ac9fb8e e-grid e-con-boxed e-con e-parent\" data-id=\"ac9fb8e\" data-element_type=\"container\">\n\t\t\t\t\t<div class=\"e-con-inner\">\n\t\t\t\t<div class=\"elementor-element elementor-element-1dd25a1 elementor-position-top elementor-widget elementor-widget-image-box\" data-id=\"1dd25a1\" data-element_type=\"widget\" data-widget_type=\"image-box.default\">\n\t\t\t\t<div class=\"elementor-widget-container\">\n\t\t\t\t\t<div class=\"elementor-image-box-wrapper\"><figure class=\"elementor-image-box-img\"><img decoding=\"async\" width=\"899\" height=\"1599\" src=\"https:\/\/cyaiberoamericana.com\/wp-content\/uploads\/2026\/03\/WhatsApp-Image-2026-03-17-at-3.35.05-PM.jpeg\" class=\"attachment-full size-full wp-image-479\" alt=\"\" srcset=\"https:\/\/cyaiberoamericana.com\/wp-content\/uploads\/2026\/03\/WhatsApp-Image-2026-03-17-at-3.35.05-PM.jpeg 899w, https:\/\/cyaiberoamericana.com\/wp-content\/uploads\/2026\/03\/WhatsApp-Image-2026-03-17-at-3.35.05-PM-169x300.jpeg 169w, https:\/\/cyaiberoamericana.com\/wp-content\/uploads\/2026\/03\/WhatsApp-Image-2026-03-17-at-3.35.05-PM-576x1024.jpeg 576w, https:\/\/cyaiberoamericana.com\/wp-content\/uploads\/2026\/03\/WhatsApp-Image-2026-03-17-at-3.35.05-PM-864x1536.jpeg 864w\" sizes=\"(max-width: 899px) 100vw, 899px\" \/><\/figure><div class=\"elementor-image-box-content\"><h3 class=\"elementor-image-box-title\">MEJORAMIENTOS DE VIVIENDA<\/h3><p class=\"elementor-image-box-description\">Cienaga de Oro, C\u00f3rdoba, Colombia<br>Marzo 2025<br>Programa \"CAMBIA MI CASA\"<\/p><\/div><\/div>\t\t\t\t<\/div>\n\t\t\t\t<\/div>\n\t\t\t\t\t<\/div>\n\t\t\t\t<\/div>\n\t\t<div class=\"elementor-element elementor-element-953d762 e-flex e-con-boxed e-con e-parent\" data-id=\"953d762\" data-element_type=\"container\">\n\t\t\t\t\t<div class=\"e-con-inner\">\n\t\t\t\t<div class=\"elementor-element elementor-element-0174b5b elementor-widget elementor-widget-spacer\" data-id=\"0174b5b\" data-element_type=\"widget\" data-widget_type=\"spacer.default\">\n\t\t\t\t<div class=\"elementor-widget-container\">\n\t\t\t\t\t\t\t<div class=\"elementor-spacer\">\n\t\t\t<div class=\"elementor-spacer-inner\"><\/div>\n\t\t<\/div>\n\t\t\t\t\t\t<\/div>\n\t\t\t\t<\/div>\n\t\t\t\t<div class=\"elementor-element elementor-element-10d55b5 elementor-widget elementor-widget-heading\" data-id=\"10d55b5\" data-element_type=\"widget\" data-widget_type=\"heading.default\">\n\t\t\t\t<div class=\"elementor-widget-container\">\n\t\t\t\t\t<h2 class=\"elementor-heading-title elementor-size-default\">Remodelaciones<\/h2>\t\t\t\t<\/div>\n\t\t\t\t<\/div>\n\t\t\t\t<div class=\"elementor-element elementor-element-e832ce0 elementor-widget elementor-widget-text-editor\" data-id=\"e832ce0\" data-element_type=\"widget\" data-widget_type=\"text-editor.default\">\n\t\t\t\t<div class=\"elementor-widget-container\">\n\t\t\t\t\t\t\t\t\t<p>Las remodelaciones privadas corresponden a intervenciones ejecutadas en inmuebles de propiedad particular, orientadas a la adecuaci\u00f3n, modernizaci\u00f3n o mejoramiento de espacios interiores, sin afectar el sistema estructural de la edificaci\u00f3n. Estas comprenden actividades como renovaci\u00f3n de acabados (pisos, muros, cielos rasos), adecuaci\u00f3n de cocinas y ba\u00f1os, mantenimiento o reposici\u00f3n de redes hidrosanitarias y el\u00e9ctricas, as\u00ed como la fabricaci\u00f3n e instalaci\u00f3n de mobiliario fijo (muebles de cocina, cl\u00f3sets, entre otros) y redistribuciones menores no estructurales. Su finalidad es optimizar las condiciones de habitabilidad, funcionalidad y est\u00e9tica del inmueble, cumpliendo con la normativa vigente sin intervenir elementos estructurales ni generar ampliaciones del \u00e1rea construida.<\/p>\t\t\t\t\t\t\t\t<\/div>\n\t\t\t\t<\/div>\n\t\t\t\t\t<\/div>\n\t\t\t\t<\/div>\n\t\t<div class=\"elementor-element elementor-element-f999b02 e-grid e-con-boxed e-con e-parent\" data-id=\"f999b02\" data-element_type=\"container\">\n\t\t\t\t\t<div class=\"e-con-inner\">\n\t\t\t\t<div class=\"elementor-element elementor-element-c5cdba7 elementor-position-top elementor-widget elementor-widget-image-box\" data-id=\"c5cdba7\" data-element_type=\"widget\" data-widget_type=\"image-box.default\">\n\t\t\t\t<div class=\"elementor-widget-container\">\n\t\t\t\t\t<div class=\"elementor-image-box-wrapper\"><figure class=\"elementor-image-box-img\"><img loading=\"lazy\" decoding=\"async\" width=\"899\" height=\"1599\" src=\"https:\/\/cyaiberoamericana.com\/wp-content\/uploads\/2026\/03\/WhatsApp-Image-2026-03-17-at-3.40.31-PM.jpeg\" class=\"attachment-full size-full wp-image-480\" alt=\"\" srcset=\"https:\/\/cyaiberoamericana.com\/wp-content\/uploads\/2026\/03\/WhatsApp-Image-2026-03-17-at-3.40.31-PM.jpeg 899w, https:\/\/cyaiberoamericana.com\/wp-content\/uploads\/2026\/03\/WhatsApp-Image-2026-03-17-at-3.40.31-PM-169x300.jpeg 169w, https:\/\/cyaiberoamericana.com\/wp-content\/uploads\/2026\/03\/WhatsApp-Image-2026-03-17-at-3.40.31-PM-576x1024.jpeg 576w, https:\/\/cyaiberoamericana.com\/wp-content\/uploads\/2026\/03\/WhatsApp-Image-2026-03-17-at-3.40.31-PM-864x1536.jpeg 864w\" sizes=\"(max-width: 899px) 100vw, 899px\" \/><\/figure><div class=\"elementor-image-box-content\"><h3 class=\"elementor-image-box-title\">REMODELACI\u00d3N VIVIENDA<\/h3><p class=\"elementor-image-box-description\">Usaqu\u00e9n, Bogot\u00e1, D.C., Colombia<br>Julio 2025 - Febrero 2026<\/p><\/div><\/div>\t\t\t\t<\/div>\n\t\t\t\t<\/div>\n\t\t\t\t<div class=\"elementor-element elementor-element-39fb2c8 elementor-position-top elementor-widget elementor-widget-image-box\" data-id=\"39fb2c8\" data-element_type=\"widget\" data-widget_type=\"image-box.default\">\n\t\t\t\t<div class=\"elementor-widget-container\">\n\t\t\t\t\t<div class=\"elementor-image-box-wrapper\"><figure class=\"elementor-image-box-img\"><img loading=\"lazy\" decoding=\"async\" width=\"1172\" height=\"522\" src=\"https:\/\/cyaiberoamericana.com\/wp-content\/uploads\/2026\/03\/Captura-de-pantalla-2026-03-17-162119-e1773782621632.png\" class=\"attachment-full size-full wp-image-487\" alt=\"\" srcset=\"https:\/\/cyaiberoamericana.com\/wp-content\/uploads\/2026\/03\/Captura-de-pantalla-2026-03-17-162119-e1773782621632.png 1172w, https:\/\/cyaiberoamericana.com\/wp-content\/uploads\/2026\/03\/Captura-de-pantalla-2026-03-17-162119-e1773782621632-300x134.png 300w, https:\/\/cyaiberoamericana.com\/wp-content\/uploads\/2026\/03\/Captura-de-pantalla-2026-03-17-162119-e1773782621632-1024x456.png 1024w, https:\/\/cyaiberoamericana.com\/wp-content\/uploads\/2026\/03\/Captura-de-pantalla-2026-03-17-162119-e1773782621632-768x342.png 768w\" sizes=\"(max-width: 1172px) 100vw, 1172px\" \/><\/figure><div class=\"elementor-image-box-content\"><h3 class=\"elementor-image-box-title\">REMODELACI\u00d3N VIVIENDA<\/h3><p class=\"elementor-image-box-description\">Ch\u00eda, Cundinamarca, Colombia<br>Julio 2025 - Febrero 2026<\/p><\/div><\/div>\t\t\t\t<\/div>\n\t\t\t\t<\/div>\n\t\t\t\t\t<\/div>\n\t\t\t\t<\/div>\n\t\t<div class=\"elementor-element elementor-element-36ecc6d e-flex e-con-boxed e-con e-parent\" data-id=\"36ecc6d\" data-element_type=\"container\">\n\t\t\t\t\t<div class=\"e-con-inner\">\n\t\t\t\t<div class=\"elementor-element elementor-element-1c6d573 elementor-widget elementor-widget-spacer\" data-id=\"1c6d573\" data-element_type=\"widget\" data-widget_type=\"spacer.default\">\n\t\t\t\t<div class=\"elementor-widget-container\">\n\t\t\t\t\t\t\t<div class=\"elementor-spacer\">\n\t\t\t<div class=\"elementor-spacer-inner\"><\/div>\n\t\t<\/div>\n\t\t\t\t\t\t<\/div>\n\t\t\t\t<\/div>\n\t\t\t\t<div class=\"elementor-element elementor-element-f49b665 elementor-widget elementor-widget-heading\" data-id=\"f49b665\" data-element_type=\"widget\" data-widget_type=\"heading.default\">\n\t\t\t\t<div class=\"elementor-widget-container\">\n\t\t\t\t\t<h2 class=\"elementor-heading-title elementor-size-default\">Construcci\u00f3n<\/h2>\t\t\t\t<\/div>\n\t\t\t\t<\/div>\n\t\t\t\t<div class=\"elementor-element elementor-element-d5b169e elementor-widget elementor-widget-text-editor\" data-id=\"d5b169e\" data-element_type=\"widget\" data-widget_type=\"text-editor.default\">\n\t\t\t\t<div class=\"elementor-widget-container\">\n\t\t\t\t\t\t\t\t\t<p>Construimos espacios que combinan bienestar, dise\u00f1o y ubicaci\u00f3n.<br \/>Actualmente contamos con dos proyectos uno 100% construido y otro se encuentra a un 60% en el condominio el Olimpo Carmen de Apical\u00e1. Proyectos pensados en ofrecer confort, funcionalidad y conexi\u00f3n con el entorno natural.<\/p>\t\t\t\t\t\t\t\t<\/div>\n\t\t\t\t<\/div>\n\t\t\t\t\t<\/div>\n\t\t\t\t<\/div>\n\t\t<div class=\"elementor-element elementor-element-28bc12f e-grid e-con-boxed e-con e-parent\" data-id=\"28bc12f\" data-element_type=\"container\">\n\t\t\t\t\t<div class=\"e-con-inner\">\n\t\t\t\t<div class=\"elementor-element elementor-element-e6162a2 elementor-widget elementor-widget-image\" data-id=\"e6162a2\" data-element_type=\"widget\" data-widget_type=\"image.default\">\n\t\t\t\t<div class=\"elementor-widget-container\">\n\t\t\t\t\t\t\t\t\t\t\t\t\t\t\t<img decoding=\"async\" src=\"https:\/\/cyaiberoamericana.com\/wp-content\/plugins\/elementor\/assets\/images\/placeholder.png\" title=\"\" alt=\"\" loading=\"lazy\" \/>\t\t\t\t\t\t\t\t\t\t\t\t\t\t\t<\/div>\n\t\t\t\t<\/div>\n\t\t\t\t<div class=\"elementor-element elementor-element-3b62ce3 elementor-widget elementor-widget-text-editor\" data-id=\"3b62ce3\" data-element_type=\"widget\" data-widget_type=\"text-editor.default\">\n\t\t\t\t<div class=\"elementor-widget-container\">\n\t\t\t\t\t\t\t\t\t<p>Lorem fistrum por la gloria de mi madre esse jarl aliqua llevame al sircoo. De la pradera ullamco qu\u00e9 dise usteer est\u00e1 la cosa muy malar.<\/p>\t\t\t\t\t\t\t\t<\/div>\n\t\t\t\t<\/div>\n\t\t\t\t\t<\/div>\n\t\t\t\t<\/div>\n\t\t<div class=\"elementor-element elementor-element-ed706b3 e-flex e-con-boxed e-con e-parent\" data-id=\"ed706b3\" data-element_type=\"container\">\n\t\t\t\t\t<div class=\"e-con-inner\">\n\t\t\t\t<div class=\"elementor-element elementor-element-d46055f elementor-widget elementor-widget-spacer\" data-id=\"d46055f\" data-element_type=\"widget\" data-widget_type=\"spacer.default\">\n\t\t\t\t<div class=\"elementor-widget-container\">\n\t\t\t\t\t\t\t<div class=\"elementor-spacer\">\n\t\t\t<div class=\"elementor-spacer-inner\"><\/div>\n\t\t<\/div>\n\t\t\t\t\t\t<\/div>\n\t\t\t\t<\/div>\n\t\t\t\t\t<\/div>\n\t\t\t\t<\/div>\n\t\t\t\t<\/div>\n\t\t","protected":false},"excerpt":{"rendered":"<p>Interventor\u00eda Supervisamos e impulsamos proyectos de vivienda VIS en zonas rurales, haciendo de cada proyecto una vivienda segura y bien ejecutada. Al igual tambien supervisamos procesos constructivos realizando un seguimiento estrat\u00e9gico para\u00a0 garantizar calidad, confianza, cumplimiento normativo y entrega de soluciones de vivienda. SITIO PROPIO Yacop\u00ed, Cundinamarca, Colombia. 17-Marzo-2026 A\u00f1ade aqu\u00ed tu texto de cabecera [&hellip;]<\/p>\n","protected":false},"author":2,"featured_media":0,"parent":0,"menu_order":0,"comment_status":"closed","ping_status":"closed","template":"","meta":{"om_disable_all_campaigns":false,"footnotes":""},"aioseo_notices":[],"_links":{"self":[{"href":"https:\/\/cyaiberoamericana.com\/index.php\/wp-json\/wp\/v2\/pages\/382"}],"collection":[{"href":"https:\/\/cyaiberoamericana.com\/index.php\/wp-json\/wp\/v2\/pages"}],"about":[{"href":"https:\/\/cyaiberoamericana.com\/index.php\/wp-json\/wp\/v2\/types\/page"}],"author":[{"embeddable":true,"href":"https:\/\/cyaiberoamericana.com\/index.php\/wp-json\/wp\/v2\/users\/2"}],"replies":[{"embeddable":true,"href":"https:\/\/cyaiberoamericana.com\/index.php\/wp-json\/wp\/v2\/comments?post=382"}],"version-history":[{"count":16,"href":"https:\/\/cyaiberoamericana.com\/index.php\/wp-json\/wp\/v2\/pages\/382\/revisions"}],"predecessor-version":[{"id":688,"href":"https:\/\/cyaiberoamericana.com\/index.php\/wp-json\/wp\/v2\/pages\/382\/revisions\/688"}],"wp:attachment":[{"href":"https:\/\/cyaiberoamericana.com\/index.php\/wp-json\/wp\/v2\/media?parent=382"}],"curies":[{"name":"wp","href":"https:\/\/api.w.org\/{rel}","templated":true}]}}